{"id":355,"date":"2014-11-14T13:10:54","date_gmt":"2014-11-14T13:10:54","guid":{"rendered":"http:\/\/data.watson.themevillage.net\/?page_id=355"},"modified":"2016-08-11T14:34:53","modified_gmt":"2016-08-11T11:34:53","slug":"portfolio","status":"publish","type":"page","link":"https:\/\/haje.fi\/portfolio\/","title":{"rendered":"Portfolio"},"content":{"rendered":"","protected":false},"excerpt":{"rendered":"","protected":false},"author":1,"featured_media":716,"parent":0,"menu_order":0,"comment_status":"open","ping_status":"open","template":"templates\/template-portfolio.php","meta":{"_monsterinsights_skip_tracking":false,"_monsterinsights_sitenote_active":false,"_monsterinsights_sitenote_note":"","_monsterinsights_sitenote_category":0,"footnotes":""},"class_list":["post-355","page","type-page","status-publish","has-post-thumbnail","hentry"],"yoast_head":"<!-- This site is optimized with the Yoast SEO plugin v26.9 - https:\/\/yoast.com\/product\/yoast-seo-wordpress\/ -->\n<title>Portfolio - Valokuvaaja Jesse K\u00e4m\u00e4r\u00e4inen<\/title>\n<meta name=\"robots\" content=\"noindex, nofollow\" \/>\n<meta property=\"og:locale\" content=\"en_US\" \/>\n<meta property=\"og:type\" content=\"article\" \/>\n<meta property=\"og:title\" content=\"Portfolio - Valokuvaaja Jesse K\u00e4m\u00e4r\u00e4inen\" \/>\n<meta property=\"og:url\" content=\"https:\/\/haje.fi\/portfolio\/\" \/>\n<meta property=\"og:site_name\" content=\"Valokuvaaja Jesse K\u00e4m\u00e4r\u00e4inen\" \/>\n<meta property=\"article:modified_time\" content=\"2016-08-11T11:34:53+00:00\" \/>\n<meta property=\"og:image\" content=\"https:\/\/haje.fi\/portfolio\/wp-content\/uploads\/2014\/11\/kenburns.jpg\" \/>\n\t<meta property=\"og:image:width\" content=\"1920\" \/>\n\t<meta property=\"og:image:height\" content=\"800\" \/>\n\t<meta property=\"og:image:type\" content=\"image\/jpeg\" \/>\n<meta name=\"twitter:card\" content=\"summary_large_image\" \/>\n<script type=\"application\/ld+json\" class=\"yoast-schema-graph\">{\"@context\":\"https:\/\/schema.org\",\"@graph\":[{\"@type\":\"WebPage\",\"@id\":\"https:\/\/haje.fi\/portfolio\/\",\"url\":\"https:\/\/haje.fi\/portfolio\/\",\"name\":\"Portfolio - Valokuvaaja Jesse K\u00e4m\u00e4r\u00e4inen\",\"isPartOf\":{\"@id\":\"https:\/\/haje.fi\/portfolio\/#website\"},\"primaryImageOfPage\":{\"@id\":\"https:\/\/haje.fi\/portfolio\/#primaryimage\"},\"image\":{\"@id\":\"https:\/\/haje.fi\/portfolio\/#primaryimage\"},\"thumbnailUrl\":\"https:\/\/haje.fi\/portfolio\/wp-content\/uploads\/2014\/11\/kenburns.jpg\",\"datePublished\":\"2014-11-14T13:10:54+00:00\",\"dateModified\":\"2016-08-11T11:34:53+00:00\",\"breadcrumb\":{\"@id\":\"https:\/\/haje.fi\/portfolio\/#breadcrumb\"},\"inLanguage\":\"en-US\",\"potentialAction\":[{\"@type\":\"ReadAction\",\"target\":[\"https:\/\/haje.fi\/portfolio\/\"]}]},{\"@type\":\"ImageObject\",\"inLanguage\":\"en-US\",\"@id\":\"https:\/\/haje.fi\/portfolio\/#primaryimage\",\"url\":\"https:\/\/haje.fi\/portfolio\/wp-content\/uploads\/2014\/11\/kenburns.jpg\",\"contentUrl\":\"https:\/\/haje.fi\/portfolio\/wp-content\/uploads\/2014\/11\/kenburns.jpg\",\"width\":1920,\"height\":800},{\"@type\":\"BreadcrumbList\",\"@id\":\"https:\/\/haje.fi\/portfolio\/#breadcrumb\",\"itemListElement\":[{\"@type\":\"ListItem\",\"position\":1,\"name\":\"Home\",\"item\":\"https:\/\/haje.fi\/portfolio\/\"},{\"@type\":\"ListItem\",\"position\":2,\"name\":\"Portfolio\"}]},{\"@type\":\"WebSite\",\"@id\":\"https:\/\/haje.fi\/portfolio\/#website\",\"url\":\"https:\/\/haje.fi\/portfolio\/\",\"name\":\"Valokuvaaja Jesse K\u00e4m\u00e4r\u00e4inen\",\"description\":\"Valo- ja videokuvauspalvelut Jyv\u00e4skyl\u00e4st\u00e4\",\"potentialAction\":[{\"@type\":\"SearchAction\",\"target\":{\"@type\":\"EntryPoint\",\"urlTemplate\":\"https:\/\/haje.fi\/portfolio\/?s={search_term_string}\"},\"query-input\":{\"@type\":\"PropertyValueSpecification\",\"valueRequired\":true,\"valueName\":\"search_term_string\"}}],\"inLanguage\":\"en-US\"}]}<\/script>\n<!-- \/ Yoast SEO plugin. -->","yoast_head_json":{"title":"Portfolio - Valokuvaaja Jesse K\u00e4m\u00e4r\u00e4inen","robots":{"index":"noindex","follow":"nofollow"},"og_locale":"en_US","og_type":"article","og_title":"Portfolio - Valokuvaaja Jesse K\u00e4m\u00e4r\u00e4inen","og_url":"https:\/\/haje.fi\/portfolio\/","og_site_name":"Valokuvaaja Jesse K\u00e4m\u00e4r\u00e4inen","article_modified_time":"2016-08-11T11:34:53+00:00","og_image":[{"width":1920,"height":800,"url":"https:\/\/haje.fi\/portfolio\/wp-content\/uploads\/2014\/11\/kenburns.jpg","type":"image\/jpeg"}],"twitter_card":"summary_large_image","schema":{"@context":"https:\/\/schema.org","@graph":[{"@type":"WebPage","@id":"https:\/\/haje.fi\/portfolio\/","url":"https:\/\/haje.fi\/portfolio\/","name":"Portfolio - Valokuvaaja Jesse K\u00e4m\u00e4r\u00e4inen","isPartOf":{"@id":"https:\/\/haje.fi\/portfolio\/#website"},"primaryImageOfPage":{"@id":"https:\/\/haje.fi\/portfolio\/#primaryimage"},"image":{"@id":"https:\/\/haje.fi\/portfolio\/#primaryimage"},"thumbnailUrl":"https:\/\/haje.fi\/portfolio\/wp-content\/uploads\/2014\/11\/kenburns.jpg","datePublished":"2014-11-14T13:10:54+00:00","dateModified":"2016-08-11T11:34:53+00:00","breadcrumb":{"@id":"https:\/\/haje.fi\/portfolio\/#breadcrumb"},"inLanguage":"en-US","potentialAction":[{"@type":"ReadAction","target":["https:\/\/haje.fi\/portfolio\/"]}]},{"@type":"ImageObject","inLanguage":"en-US","@id":"https:\/\/haje.fi\/portfolio\/#primaryimage","url":"https:\/\/haje.fi\/portfolio\/wp-content\/uploads\/2014\/11\/kenburns.jpg","contentUrl":"https:\/\/haje.fi\/portfolio\/wp-content\/uploads\/2014\/11\/kenburns.jpg","width":1920,"height":800},{"@type":"BreadcrumbList","@id":"https:\/\/haje.fi\/portfolio\/#breadcrumb","itemListElement":[{"@type":"ListItem","position":1,"name":"Home","item":"https:\/\/haje.fi\/portfolio\/"},{"@type":"ListItem","position":2,"name":"Portfolio"}]},{"@type":"WebSite","@id":"https:\/\/haje.fi\/portfolio\/#website","url":"https:\/\/haje.fi\/portfolio\/","name":"Valokuvaaja Jesse K\u00e4m\u00e4r\u00e4inen","description":"Valo- ja videokuvauspalvelut Jyv\u00e4skyl\u00e4st\u00e4","potentialAction":[{"@type":"SearchAction","target":{"@type":"EntryPoint","urlTemplate":"https:\/\/haje.fi\/portfolio\/?s={search_term_string}"},"query-input":{"@type":"PropertyValueSpecification","valueRequired":true,"valueName":"search_term_string"}}],"inLanguage":"en-US"}]}},"_links":{"self":[{"href":"https:\/\/haje.fi\/portfolio\/wp-json\/wp\/v2\/pages\/355","targetHints":{"allow":["GET"]}}],"collection":[{"href":"https:\/\/haje.fi\/portfolio\/wp-json\/wp\/v2\/pages"}],"about":[{"href":"https:\/\/haje.fi\/portfolio\/wp-json\/wp\/v2\/types\/page"}],"author":[{"embeddable":true,"href":"https:\/\/haje.fi\/portfolio\/wp-json\/wp\/v2\/users\/1"}],"replies":[{"embeddable":true,"href":"https:\/\/haje.fi\/portfolio\/wp-json\/wp\/v2\/comments?post=355"}],"version-history":[{"count":1,"href":"https:\/\/haje.fi\/portfolio\/wp-json\/wp\/v2\/pages\/355\/revisions"}],"predecessor-version":[{"id":717,"href":"https:\/\/haje.fi\/portfolio\/wp-json\/wp\/v2\/pages\/355\/revisions\/717"}],"wp:featuredmedia":[{"embeddable":true,"href":"https:\/\/haje.fi\/portfolio\/wp-json\/wp\/v2\/media\/716"}],"wp:attachment":[{"href":"https:\/\/haje.fi\/portfolio\/wp-json\/wp\/v2\/media?parent=355"}],"curies":[{"name":"wp","href":"https:\/\/api.w.org\/{rel}","templated":true}]}}