{"id":2693,"date":"2016-01-21T15:50:37","date_gmt":"2016-01-21T13:50:37","guid":{"rendered":"http:\/\/haje.fi\/portfolio\/?page_id=2693"},"modified":"2017-10-12T23:20:20","modified_gmt":"2017-10-12T20:20:20","slug":"haat","status":"publish","type":"page","link":"https:\/\/haje.fi\/portfolio\/haat\/","title":{"rendered":"H\u00e4\u00e4kuvaus"},"content":{"rendered":"<p>Menettek\u00f6 naimisiin? Tai kenties kihlaudutteko? Tulipa sitten kumpi vaan kyseeseen, kannattaa itse keskitty\u00e4 nauttimaan yhdest\u00e4 el\u00e4m\u00e4nne t\u00e4rkeimmist\u00e4 p\u00e4ivist\u00e4 ja j\u00e4tt\u00e4\u00e4 muistojen tallentaminen ammattilaisen huoleksi.<\/p>\n<p>Tarjoan persoonallisia h\u00e4\u00e4kuvauksia kohtuullisella hinnalla ja ammattimaisella otteella. Omaan pitk\u00e4n kokemuksen ja vahvan n\u00e4kemyksen henkil\u00f6kuvauksesta. Jos teill\u00e4 on oma visio h\u00e4\u00e4kuvistanne, min\u00e4 toteutan sen. Jos ei, niin autan teit\u00e4 l\u00f6yt\u00e4m\u00e4\u00e4n sellaisen.<\/p>\n<p>Alla\u00a0on esimerkkej\u00e4 yleisimmist\u00e4 h\u00e4\u00e4kuvauspalveluista. Jos sinulla on tarvetta isommalle tai pienemm\u00e4lle paketille, kysy tarjous <a title=\"Yhteys\" href=\"http:\/\/haje.fi\/yhteys\/\">palautelomakkeella<\/a>. Toimin my\u00f6s P\u00e4\u00e4kaupunkiseudun ja Jyv\u00e4skyl\u00e4n lis\u00e4ksi my\u00f6s\u00a0muilla paikkakunnilla, jolloin mahdolliset matkakustannukset lis\u00e4t\u00e4\u00e4n hintaan. Kysy rohkeasti my\u00f6s t\u00e4st\u00e4!<\/p>\n<p>&nbsp;<\/p>\n<div class=\"page\" title=\"Page 25\">\n<div class=\"section\">\n<div class=\"layoutArea\">\n<div class=\"column\">\n<div class=\"su-row bordered bbottom\">\n<div class=\"su-column su-column-size-1-3\"><div class=\"su-column-inner su-u-clearfix su-u-trim\">\n<h5 style=\"text-align: center;\">KUUDEN TUNNIN KUVAUS<\/h5>\n<p style=\"text-align: center;\">Persoonalliset kuvat parista studiossa tai milj\u00f6\u00f6ss\u00e4<br \/>\nH\u00e4\u00e4p\u00e4iv\u00e4n dokumentaarinen kuvaus<br \/>\nNelj\u00e4n potrettikuvan kokonaisvaltainen k\u00e4sittely<br \/>\nDokumentaaristen kuvien perusk\u00e4sittely<br \/>\nKuusi tuntia kohteessa<br \/>\nMy\u00f6s Jyv\u00e4skyl\u00e4n ja Helsingin ulkopuolella<br \/>\nHinta 550\u20ac (+ mahdolliset matkat)<\/p>\n<p style=\"text-align: left;\"><\/div><\/div>\n<div class=\"su-column su-column-size-1-3\"><div class=\"su-column-inner su-u-clearfix su-u-trim\">\n<h5 style=\"text-align: center;\">MUUT VAIHTOEHDOT<\/h5>\n<p style=\"text-align: center;\">Kahdeksan tunnin dokumentaarinen kuvaus<br \/>\nPelkk\u00e4 vihkiminen ja potretti<br \/>\nH\u00e4\u00e4parin potretti milj\u00f6\u00f6ss\u00e4<br \/>\nH\u00e4\u00e4parin potretti studiossa<br \/>\nMuut lyhyemm\u00e4t tai pidemm\u00e4t h\u00e4\u00e4kuvaukset<\/p>\n<\/div><\/div><div class=\"su-column su-column-size-1-3\"><div class=\"su-column-inner su-u-clearfix su-u-trim\">\n<h5 style=\"text-align: center;\">KAIKKIIN KUVAUKSIIN KUULUU<\/h5>\n<p style=\"text-align: center;\">Koevedokset netin kautta<br \/>\n<span style=\"line-height: 1.5;\">Kuvien toimitus digitaalisessa formaatissa (erillist\u00e4 maksua vastaan my\u00f6s paperivedokset)<br \/>\n<\/span><span style=\"line-height: 1.5;\">Kuukaudeksi privaatti nettigalleria jonka voitte jakaa vieraidenne ja yst\u00e4vienne kesken<br \/>\n<\/span><span style=\"line-height: 1.5;\">Toimitusaika n. 2 viikkoa<\/span><\/p>\n<p style=\"text-align: left;\"><\/div><\/div><\/div>\n<p style=\"text-align: left;\"><div class=\"su-button-center\"><a href=\"http:\/\/haje.fi\/yhteys\" class=\"su-button su-button-style-watson\" style=\"color:#FFFFFF;background-color:#000000;border-color:#000000;border-radius:0px\" target=\"_self\"><span style=\"color:#FFFFFF;padding:0px 22px;font-size:17px;line-height:34px;border-color:#4d4d4d;border-radius:0px;text-shadow:none\"> Ota yhteytt\u00e4 tai kysy tarjous<\/span><\/a><\/div>\n<\/div>\n<\/div>\n<\/div>\n<\/div>\n","protected":false},"excerpt":{"rendered":"<p>Menettek\u00f6 naimisiin? Tai kenties kihlaudutteko? Tulipa sitten kumpi vaan kyseeseen, kannattaa itse keskitty\u00e4 nauttimaan yhdest\u00e4 el\u00e4m\u00e4nne t\u00e4rkeimmist\u00e4 p\u00e4ivist\u00e4 ja j\u00e4tt\u00e4\u00e4 muistojen tallentaminen ammattilaisen huoleksi. Tarjoan persoonallisia h\u00e4\u00e4kuvauksia kohtuullisella hinnalla ja ammattimaisella otteella. Omaan pitk\u00e4n kokemuksen ja vahvan n\u00e4kemyksen henkil\u00f6kuvauksesta. Jos teill\u00e4 on oma visio h\u00e4\u00e4kuvistanne, min\u00e4 toteutan sen. Jos ei, niin autan teit\u00e4 l\u00f6yt\u00e4m\u00e4\u00e4n sellaisen. [&hellip;]<\/p>\n","protected":false},"author":1,"featured_media":7046,"parent":0,"menu_order":0,"comment_status":"closed","ping_status":"closed","template":"templates\/template-services.php","meta":{"_monsterinsights_skip_tracking":false,"_monsterinsights_sitenote_active":false,"_monsterinsights_sitenote_note":"","_monsterinsights_sitenote_category":0,"footnotes":""},"class_list":["post-2693","page","type-page","status-publish","has-post-thumbnail","hentry"],"yoast_head":"<!-- This site is optimized with the Yoast SEO plugin v26.9 - https:\/\/yoast.com\/product\/yoast-seo-wordpress\/ -->\n<title>H\u00e4\u00e4kuvaaja Jesse K\u00e4m\u00e4r\u00e4inen<\/title>\n<meta name=\"description\" content=\"H\u00e4\u00e4kuvaaja Jesse K\u00e4m\u00e4r\u00e4isen palvelut, hinnastot ja h\u00e4\u00e4portfolio.\" \/>\n<meta name=\"robots\" content=\"index, follow, max-snippet:-1, max-image-preview:large, max-video-preview:-1\" \/>\n<link rel=\"canonical\" href=\"http:\/\/www.haje.fi\/haat\" \/>\n<meta property=\"og:locale\" content=\"en_US\" \/>\n<meta property=\"og:type\" content=\"article\" \/>\n<meta property=\"og:title\" content=\"H\u00e4\u00e4kuvaaja Jesse K\u00e4m\u00e4r\u00e4inen\" \/>\n<meta property=\"og:description\" content=\"H\u00e4\u00e4kuvaaja Jesse K\u00e4m\u00e4r\u00e4isen palvelut, hinnastot ja h\u00e4\u00e4portfolio.\" \/>\n<meta property=\"og:url\" content=\"http:\/\/www.haje.fi\/haat\" \/>\n<meta property=\"og:site_name\" content=\"Valokuvaaja Jesse K\u00e4m\u00e4r\u00e4inen\" \/>\n<meta property=\"article:modified_time\" content=\"2017-10-12T20:20:20+00:00\" \/>\n<meta property=\"og:image\" content=\"http:\/\/haje.fi\/portfolio\/wp-content\/uploads\/2016\/01\/2-1.jpg\" \/>\n<meta name=\"twitter:card\" content=\"summary_large_image\" \/>\n<meta name=\"twitter:label1\" content=\"Est. reading time\" \/>\n\t<meta name=\"twitter:data1\" content=\"1 minute\" \/>\n<script type=\"application\/ld+json\" class=\"yoast-schema-graph\">{\"@context\":\"https:\/\/schema.org\",\"@graph\":[{\"@type\":\"WebPage\",\"@id\":\"https:\/\/haje.fi\/portfolio\/haat\/\",\"url\":\"http:\/\/www.haje.fi\/haat\",\"name\":\"H\u00e4\u00e4kuvaaja Jesse K\u00e4m\u00e4r\u00e4inen\",\"isPartOf\":{\"@id\":\"https:\/\/haje.fi\/portfolio\/#website\"},\"primaryImageOfPage\":{\"@id\":\"http:\/\/www.haje.fi\/haat#primaryimage\"},\"image\":{\"@id\":\"http:\/\/www.haje.fi\/haat#primaryimage\"},\"thumbnailUrl\":\"https:\/\/haje.fi\/portfolio\/wp-content\/uploads\/2016\/01\/2-1.jpg\",\"datePublished\":\"2016-01-21T13:50:37+00:00\",\"dateModified\":\"2017-10-12T20:20:20+00:00\",\"description\":\"H\u00e4\u00e4kuvaaja Jesse K\u00e4m\u00e4r\u00e4isen palvelut, hinnastot ja h\u00e4\u00e4portfolio.\",\"breadcrumb\":{\"@id\":\"http:\/\/www.haje.fi\/haat#breadcrumb\"},\"inLanguage\":\"en-US\",\"potentialAction\":[{\"@type\":\"ReadAction\",\"target\":[\"http:\/\/www.haje.fi\/haat\"]}]},{\"@type\":\"ImageObject\",\"inLanguage\":\"en-US\",\"@id\":\"http:\/\/www.haje.fi\/haat#primaryimage\",\"url\":\"https:\/\/haje.fi\/portfolio\/wp-content\/uploads\/2016\/01\/2-1.jpg\",\"contentUrl\":\"https:\/\/haje.fi\/portfolio\/wp-content\/uploads\/2016\/01\/2-1.jpg\",\"width\":2048,\"height\":1266,\"caption\":\"Neuvonen\"},{\"@type\":\"BreadcrumbList\",\"@id\":\"http:\/\/www.haje.fi\/haat#breadcrumb\",\"itemListElement\":[{\"@type\":\"ListItem\",\"position\":1,\"name\":\"Home\",\"item\":\"https:\/\/haje.fi\/portfolio\/\"},{\"@type\":\"ListItem\",\"position\":2,\"name\":\"H\u00e4\u00e4kuvaus\"}]},{\"@type\":\"WebSite\",\"@id\":\"https:\/\/haje.fi\/portfolio\/#website\",\"url\":\"https:\/\/haje.fi\/portfolio\/\",\"name\":\"Valokuvaaja Jesse K\u00e4m\u00e4r\u00e4inen\",\"description\":\"Valo- ja videokuvauspalvelut Jyv\u00e4skyl\u00e4st\u00e4\",\"potentialAction\":[{\"@type\":\"SearchAction\",\"target\":{\"@type\":\"EntryPoint\",\"urlTemplate\":\"https:\/\/haje.fi\/portfolio\/?s={search_term_string}\"},\"query-input\":{\"@type\":\"PropertyValueSpecification\",\"valueRequired\":true,\"valueName\":\"search_term_string\"}}],\"inLanguage\":\"en-US\"}]}<\/script>\n<!-- \/ Yoast SEO plugin. -->","yoast_head_json":{"title":"H\u00e4\u00e4kuvaaja Jesse K\u00e4m\u00e4r\u00e4inen","description":"H\u00e4\u00e4kuvaaja Jesse K\u00e4m\u00e4r\u00e4isen palvelut, hinnastot ja h\u00e4\u00e4portfolio.","robots":{"index":"index","follow":"follow","max-snippet":"max-snippet:-1","max-image-preview":"max-image-preview:large","max-video-preview":"max-video-preview:-1"},"canonical":"http:\/\/www.haje.fi\/haat","og_locale":"en_US","og_type":"article","og_title":"H\u00e4\u00e4kuvaaja Jesse K\u00e4m\u00e4r\u00e4inen","og_description":"H\u00e4\u00e4kuvaaja Jesse K\u00e4m\u00e4r\u00e4isen palvelut, hinnastot ja h\u00e4\u00e4portfolio.","og_url":"http:\/\/www.haje.fi\/haat","og_site_name":"Valokuvaaja Jesse K\u00e4m\u00e4r\u00e4inen","article_modified_time":"2017-10-12T20:20:20+00:00","og_image":[{"url":"http:\/\/haje.fi\/portfolio\/wp-content\/uploads\/2016\/01\/2-1.jpg","type":"","width":"","height":""}],"twitter_card":"summary_large_image","twitter_misc":{"Est. reading time":"1 minute"},"schema":{"@context":"https:\/\/schema.org","@graph":[{"@type":"WebPage","@id":"https:\/\/haje.fi\/portfolio\/haat\/","url":"http:\/\/www.haje.fi\/haat","name":"H\u00e4\u00e4kuvaaja Jesse K\u00e4m\u00e4r\u00e4inen","isPartOf":{"@id":"https:\/\/haje.fi\/portfolio\/#website"},"primaryImageOfPage":{"@id":"http:\/\/www.haje.fi\/haat#primaryimage"},"image":{"@id":"http:\/\/www.haje.fi\/haat#primaryimage"},"thumbnailUrl":"https:\/\/haje.fi\/portfolio\/wp-content\/uploads\/2016\/01\/2-1.jpg","datePublished":"2016-01-21T13:50:37+00:00","dateModified":"2017-10-12T20:20:20+00:00","description":"H\u00e4\u00e4kuvaaja Jesse K\u00e4m\u00e4r\u00e4isen palvelut, hinnastot ja h\u00e4\u00e4portfolio.","breadcrumb":{"@id":"http:\/\/www.haje.fi\/haat#breadcrumb"},"inLanguage":"en-US","potentialAction":[{"@type":"ReadAction","target":["http:\/\/www.haje.fi\/haat"]}]},{"@type":"ImageObject","inLanguage":"en-US","@id":"http:\/\/www.haje.fi\/haat#primaryimage","url":"https:\/\/haje.fi\/portfolio\/wp-content\/uploads\/2016\/01\/2-1.jpg","contentUrl":"https:\/\/haje.fi\/portfolio\/wp-content\/uploads\/2016\/01\/2-1.jpg","width":2048,"height":1266,"caption":"Neuvonen"},{"@type":"BreadcrumbList","@id":"http:\/\/www.haje.fi\/haat#breadcrumb","itemListElement":[{"@type":"ListItem","position":1,"name":"Home","item":"https:\/\/haje.fi\/portfolio\/"},{"@type":"ListItem","position":2,"name":"H\u00e4\u00e4kuvaus"}]},{"@type":"WebSite","@id":"https:\/\/haje.fi\/portfolio\/#website","url":"https:\/\/haje.fi\/portfolio\/","name":"Valokuvaaja Jesse K\u00e4m\u00e4r\u00e4inen","description":"Valo- ja videokuvauspalvelut Jyv\u00e4skyl\u00e4st\u00e4","potentialAction":[{"@type":"SearchAction","target":{"@type":"EntryPoint","urlTemplate":"https:\/\/haje.fi\/portfolio\/?s={search_term_string}"},"query-input":{"@type":"PropertyValueSpecification","valueRequired":true,"valueName":"search_term_string"}}],"inLanguage":"en-US"}]}},"_links":{"self":[{"href":"https:\/\/haje.fi\/portfolio\/wp-json\/wp\/v2\/pages\/2693","targetHints":{"allow":["GET"]}}],"collection":[{"href":"https:\/\/haje.fi\/portfolio\/wp-json\/wp\/v2\/pages"}],"about":[{"href":"https:\/\/haje.fi\/portfolio\/wp-json\/wp\/v2\/types\/page"}],"author":[{"embeddable":true,"href":"https:\/\/haje.fi\/portfolio\/wp-json\/wp\/v2\/users\/1"}],"replies":[{"embeddable":true,"href":"https:\/\/haje.fi\/portfolio\/wp-json\/wp\/v2\/comments?post=2693"}],"version-history":[{"count":6,"href":"https:\/\/haje.fi\/portfolio\/wp-json\/wp\/v2\/pages\/2693\/revisions"}],"predecessor-version":[{"id":7078,"href":"https:\/\/haje.fi\/portfolio\/wp-json\/wp\/v2\/pages\/2693\/revisions\/7078"}],"wp:featuredmedia":[{"embeddable":true,"href":"https:\/\/haje.fi\/portfolio\/wp-json\/wp\/v2\/media\/7046"}],"wp:attachment":[{"href":"https:\/\/haje.fi\/portfolio\/wp-json\/wp\/v2\/media?parent=2693"}],"curies":[{"name":"wp","href":"https:\/\/api.w.org\/{rel}","templated":true}]}}